{"id":1438,"date":"2020-06-07T00:15:16","date_gmt":"2020-06-06T22:15:16","guid":{"rendered":"http:\/\/mcschleching.de\/?page_id=1438"},"modified":"2020-06-07T00:23:56","modified_gmt":"2020-06-06T22:23:56","slug":"vereinsgeschichte","status":"publish","type":"page","link":"https:\/\/mcschleching.de\/index.php\/vereinsgeschichte\/","title":{"rendered":"Vereinsgeschichte Motorradclub Schleching"},"content":{"rendered":"\n<p>In den 80er Jahren gab es in Schleching und Umgebung viele Motorradfahrer. Daher beschlossen im Jahr 1987 ein paar dieser Motorradbegeisterten \u2013 Sabold Sepp, Scheck Michael, Aigner Fred, Aigner Lois, Bauer G\u00fcnther sen. (Schliff) und Pletschacher Hans \u2013 einen Verein zu gr\u00fcnden. Der Name war schnell gefunden: MC Schleching. Gr\u00fcndungsversammlung mit 13 anwesenden Personen war am 17. Mai 1987. Als erster Vorstand wurde Sepp Sabold gew\u00e4hlt, der dieses Amt 1990 an Michael Scheck \u00fcbergab. Seit 2010 f\u00fchrt Fred Aigner die Geschicke des Vereins. Bemerkenswert ist, dass Lois Aigner von Anfang an immer zweiter Vorstand ist. Seit 1996 ist der MC Schleching ein e.V. und hat mittlerweile \u00fcber 100 Mitglieder. Mit Pfarrer Wieser wurde im Gr\u00fcndungsjahr gleich eine Motorradweihe abgehalten .Bereits vier Jahre vor der Vereinsgr\u00fcndung haben die Schlechinger Motorradler zusammen mit dem AMSC \u00dcbersee das erste Skij\u00f6ring hinter Motorr\u00e4dern (Endlaufzur Chiemgau-Meisterschaft) durchgef\u00fchrt. Die S\u00f6hne der Vereinsgr\u00fcnder, G\u00fcntherBauer sen. und Lois Aigner begannen bereits im Alter von 10 Jahren Skij\u00f6ring zu fahren. In der Juniorklasse siegten G\u00fcnther Bauer jun. und Florian Aigner bereits mit 11 Jahren das erste Mal. Das war f\u00fcr G\u00fcnther Bauer jun. der Startschuss zu seiner Motorsport Karriere. Die Skij\u00f6ring Veranstaltungen fanden an verschiedenen Pl\u00e4tzen statt, wie z.B. in Baumgarten, auf der Pelz&#8217;n Wiese oder am Sportplatz. Einmal sogar am Auslauf der Geigelsteinabfahrt (Kohler Wiesl), da an allen anderen Pl\u00e4tzen in Schleching kein Schnee zu finden war. Auch ein Nachtskij\u00f6ring, das mit Lichtballonen ausgeleuchtet wurde, fand im Jahr 2004 statt. Viele Mitglieder des MC Schleching nahmen selber an den Rennen, sowohl als Motorrad- als auch als Skifahrer, teil. Das letzte Skij\u00f6ring war im Jahr 2007. Nachwuchsprobleme und oftmals Schneemangel besiegelten das Aus f\u00fcr diese Veranstaltungen. 1993 und 1996 veranstaltete der Verein zwei internationale Motorradtreffen, die \u00fcber mehrere Tage dauerten. Ein kurioser Vorfall ereignete sich beim Treffen 1996. Bei einem n\u00e4chtlichen Fackelzug auf Motorr\u00e4dern geriet der Spiegel einer Maschine durch abtropfendes Wachs in Brand. Bei der R\u00fcckkehr zum Bierzelt wurde das Feuer schnell mit einer Mass gel\u00f6scht. 2001 wurde mit Hilfe unseres Vereins ein MV Agusta Treffen in Schleching durchgef\u00fchrt, bei dem sogar viele ehemalige Weltmeister anwesend waren. 1995 wurde im Rahmen eines Verkehrserziehungsprogramms ein Geschicklichkeitsturnier auf dem Schulhof durchgef\u00fchrt. 1996 begannen Lois Aigner und Peter Widmann an internationalen Classic-Rennen teilzunehmen. In Laufe der Jahre wurden die Teilnehmer aus unserem Verein bei diesen Rennen immer mehr. Die Veranstaltungen finden in verschiedenen L\u00e4ndern,wie Ungarn, Kroatien, Slowakei, Tschechien und auch in Deutschland am Schleizer Dreieck statt. Die erfolgreichsten Teilnehmer aus unseren Reihen sind Lois Aigner, Hans Aigner, Paul Schwab und Sebastian K\u00f6berl. Die prominentesten und im Motorsport erfolgreichsten Mitglieder des MC Schleching sindG\u00fcnther Bauer jun. (mehrmals deutscher Meister sowie Vize-Weltmeister im Eisspeedway) sowieMichael Rudroff (mehrmals deutscher Meister, Vize-Europameister, Teilnehmer an MotoGP Veranstaltungen in der 500 ccm Klasse und Teilnehmer an der Superbike Weltmeisterschaft). Wiederkehrende Veranstaltungen: Der MCS hat von Anfang an einen Stand am Schlechinger Christkindlmarkt. Die Erl\u00f6se daraus werden von den Motorradlern immer f\u00fcr soziale Einrichtungen oder bed\u00fcrftige Personen gespendet. Seit 2010 wird traditionell am Ostermontag ein Oldtimer-Fr\u00fchschoppen beim Gasthof zur Post durchgef\u00fchrt. Jeden ersten Freitag im Monat \u2013 Stammtisch in der Pizzeria Raggio di Sole in Schleching. Tagesausfl\u00fcge und mehrt\u00e4gige Ausfahrten werden durchgef\u00fchrt, nach Absprache am Stammtisch. Anmerkung zum Schlu\u00df:Motorradfahren h\u00e4lt geistig und k\u00f6rperlich jung, das sieht man in unserem Club ganz deutlich, es sind etliche aktive Fahrer bereits \u00fcber 80 Jahre alt.<\/p>\n","protected":false},"excerpt":{"rendered":"<p>In den 80er Jahren gab es in Schleching und Umgebung viele Motorradfahrer. Daher beschlossen im Jahr 1987 ein paar dieser Motorradbegeisterten \u2013 Sabold Sepp, Scheck Michael, Aigner Fred, Aigner Lois, Bauer G\u00fcnther sen. (Schliff) und Pletschacher Hans \u2013 einen Verein zu gr\u00fcnden. Der Name war schnell gefunden: MC Schleching. Gr\u00fcndungsversammlung mit 13 anwesenden Personen war &hellip; <a href=\"https:\/\/mcschleching.de\/index.php\/vereinsgeschichte\/\" class=\"more-link\"><span class=\"screen-reader-text\">Vereinsgeschichte Motorradclub Schleching<\/span> weiterlesen <span class=\"meta-nav\">&rarr;<\/span><\/a><\/p>\n","protected":false},"author":1,"featured_media":0,"parent":0,"menu_order":0,"comment_status":"closed","ping_status":"closed","template":"","meta":{"footnotes":""},"class_list":["post-1438","page","type-page","status-publish","hentry"],"_links":{"self":[{"href":"https:\/\/mcschleching.de\/index.php\/wp-json\/wp\/v2\/pages\/1438","targetHints":{"allow":["GET"]}}],"collection":[{"href":"https:\/\/mcschleching.de\/index.php\/wp-json\/wp\/v2\/pages"}],"about":[{"href":"https:\/\/mcschleching.de\/index.php\/wp-json\/wp\/v2\/types\/page"}],"author":[{"embeddable":true,"href":"https:\/\/mcschleching.de\/index.php\/wp-json\/wp\/v2\/users\/1"}],"replies":[{"embeddable":true,"href":"https:\/\/mcschleching.de\/index.php\/wp-json\/wp\/v2\/comments?post=1438"}],"version-history":[{"count":5,"href":"https:\/\/mcschleching.de\/index.php\/wp-json\/wp\/v2\/pages\/1438\/revisions"}],"predecessor-version":[{"id":1444,"href":"https:\/\/mcschleching.de\/index.php\/wp-json\/wp\/v2\/pages\/1438\/revisions\/1444"}],"wp:attachment":[{"href":"https:\/\/mcschleching.de\/index.php\/wp-json\/wp\/v2\/media?parent=1438"}],"curies":[{"name":"wp","href":"https:\/\/api.w.org\/{rel}","templated":true}]}}